{"id":10887,"date":"2025-12-29T09:51:48","date_gmt":"2025-12-29T08:51:48","guid":{"rendered":"https:\/\/qzm-rn.de\/?page_id=10887"},"modified":"2025-12-29T09:51:51","modified_gmt":"2025-12-29T08:51:51","slug":"satzung","status":"publish","type":"page","link":"https:\/\/qzm-rn.de\/en\/satzung\/","title":{"rendered":"Satzung"},"content":{"rendered":"<p>Auf dieser Seite findest du die Satzung. Sie bildet die rechtliche und organisatorische Grundlage unserer Arbeit und definiert unsere Ziele, Werte und Strukturen. Die Satzung beschreibt, wie wir Entscheidungen treffen, welche Aufgaben die verschiedenen Vereinsorgane haben und wie du selbst aktiv mitwirken kannst. Transparenz und Mitgestaltung stehen f\u00fcr uns im Mittelpunkt und deshalb stellen wir die Satzung hier \u00f6ffentlich zur Verf\u00fcgung.<\/p>\n\n\n\n<div data-wp-interactive=\"core\/file\" class=\"wp-block-file\"><object data-wp-bind--hidden=\"!state.hasPdfPreview\" hidden class=\"wp-block-file__embed\" data=\"https:\/\/qzm-rn.de\/wp-content\/uploads\/2024\/12\/QZM-Vereinssatzung-17.09.2023.pdf\" type=\"application\/pdf\" style=\"width:100%;height:600px\" aria-label=\"Embed of QZM-Vereinssatzung 17.09.2023.\"><\/object><a id=\"wp-block-file--media-e89da3b0-42eb-4972-ba1a-63ae59a0bcc7\" href=\"https:\/\/qzm-rn.de\/wp-content\/uploads\/2024\/12\/QZM-Vereinssatzung-17.09.2023.pdf\">QZM-Vereinssatzung 17.09.2023<\/a><a href=\"https:\/\/qzm-rn.de\/wp-content\/uploads\/2024\/12\/QZM-Vereinssatzung-17.09.2023.pdf\" class=\"wp-block-file__button wp-element-button\" download aria-describedby=\"wp-block-file--media-e89da3b0-42eb-4972-ba1a-63ae59a0bcc7\">Herunterladen<\/a><\/div>","protected":false},"excerpt":{"rendered":"<p>Auf dieser Seite findest du die Satzung. Sie bildet die rechtliche und organisatorische Grundlage unserer Arbeit und definiert unsere Ziele, Werte und Strukturen. Die Satzung beschreibt, wie wir Entscheidungen treffen,&hellip;&nbsp;<a href=\"https:\/\/qzm-rn.de\/en\/satzung\/\" class=\"\" rel=\"bookmark\">Read More &raquo;<span class=\"screen-reader-text\">Satzung<\/span><\/a><\/p>","protected":false},"author":10,"featured_media":0,"parent":0,"menu_order":0,"comment_status":"closed","ping_status":"closed","template":"","meta":{"_tec_requires_first_save":true,"_eb_attr":"","neve_meta_sidebar":"","neve_meta_container":"","neve_meta_enable_content_width":"","neve_meta_content_width":0,"neve_meta_title_alignment":"","neve_meta_author_avatar":"","neve_post_elements_order":"","neve_meta_disable_header":"","neve_meta_disable_footer":"","neve_meta_disable_title":"","_EventAllDay":false,"_EventTimezone":"","_EventStartDate":"","_EventEndDate":"","_EventStartDateUTC":"","_EventEndDateUTC":"","_EventShowMap":false,"_EventShowMapLink":false,"_EventURL":"","_EventCost":"","_EventCostDescription":"","_EventCurrencySymbol":"","_EventCurrencyCode":"","_EventCurrencyPosition":"","_EventDateTimeSeparator":"","_EventTimeRangeSeparator":"","_EventOrganizerID":[],"_EventVenueID":[],"_OrganizerEmail":"","_OrganizerPhone":"","_OrganizerWebsite":"","_VenueAddress":"","_VenueCity":"","_VenueCountry":"","_VenueProvince":"","_VenueState":"","_VenueZip":"","_VenuePhone":"","_VenueURL":"","_VenueStateProvince":"","_VenueLat":"","_VenueLng":"","_VenueShowMap":false,"_VenueShowMapLink":false,"_tribe_blocks_recurrence_rules":"","_tribe_blocks_recurrence_description":"","_tribe_blocks_recurrence_exclusions":"","iawp_total_views":13,"footnotes":""},"class_list":["post-10887","page","type-page","status-publish","hentry"],"jetpack_sharing_enabled":true,"_links":{"self":[{"href":"https:\/\/qzm-rn.de\/en\/wp-json\/wp\/v2\/pages\/10887","targetHints":{"allow":["GET"]}}],"collection":[{"href":"https:\/\/qzm-rn.de\/en\/wp-json\/wp\/v2\/pages"}],"about":[{"href":"https:\/\/qzm-rn.de\/en\/wp-json\/wp\/v2\/types\/page"}],"author":[{"embeddable":true,"href":"https:\/\/qzm-rn.de\/en\/wp-json\/wp\/v2\/users\/10"}],"replies":[{"embeddable":true,"href":"https:\/\/qzm-rn.de\/en\/wp-json\/wp\/v2\/comments?post=10887"}],"version-history":[{"count":1,"href":"https:\/\/qzm-rn.de\/en\/wp-json\/wp\/v2\/pages\/10887\/revisions"}],"predecessor-version":[{"id":10888,"href":"https:\/\/qzm-rn.de\/en\/wp-json\/wp\/v2\/pages\/10887\/revisions\/10888"}],"wp:attachment":[{"href":"https:\/\/qzm-rn.de\/en\/wp-json\/wp\/v2\/media?parent=10887"}],"curies":[{"name":"wp","href":"https:\/\/api.w.org\/{rel}","templated":true}]}}