{"id":13,"date":"2020-04-20T14:12:59","date_gmt":"2020-04-20T12:12:59","guid":{"rendered":"http:\/\/qzm-rn.de\/?page_id=13"},"modified":"2026-04-08T10:27:22","modified_gmt":"2026-04-08T08:27:22","slug":"ueber-uns","status":"publish","type":"page","link":"https:\/\/qzm-rn.de\/en\/ueber-uns\/","title":{"rendered":"About us"},"content":{"rendered":"<div style=\"height:100px\" aria-hidden=\"true\" class=\"wp-block-spacer\"><\/div>\n\n\n\n<h1 class=\"wp-block-heading\">What is the Queere Zentrum Mannheim?<\/h1>\n\n\n\n<p>The QZM is a place for networking, strengthening and making the community visible in the Rhine-Neckar metropolitan region. We use queer as a collective term for lesbian, gay, bi, trans, inter, non-binary, asexual\/romantic, pan, poly and queer people. With the QZM, we want to create a low-barrier, inclusive and anti-racist space for queer people and all interested parties to meet. A place where everyone has a voice and can feel safe and welcome.<\/p>\n\n\n\n<p><\/p>\n\n\n\n<h1 class=\"wp-block-heading\">History<\/h1>\n\n\n\n<p>The queer community finally needed a permanent space for existing queer groups and associations, non-organized queers, new groups, ideas and projects. The QZM was to become a place for networking, strengthening and making the community visible in the Rhein-Neckar metropolitan region.<\/p>\n\n\n\n<p>The opportunity for such a location arose with the City of Mannheim's call for tenders for the 2019 citizen participation budget, in which the QZM came first in the vote and subsequently received start-up funding from this budget.<\/p>\n\n\n\n<p>Susanne Hun, Sarah Kinzebach and Matthias K\u00fcck and later Johannah Illgner - four committed queers from the region - seized the opportunity. Their superpower: seeing into the future. With their shared vision of a queer center, they not only infected the community, but the entire urban society.<\/p>\n\n\n\n<p>The QZM is now well established in Mannheim and offers space for group meetings, a queer youth club run by <a href=\"https:\/\/www.plus-rheinneckar.de\/\" target=\"_blank\" rel=\"noreferrer noopener\">PLUS Rhein-Neckar e.V<\/a>. and with the open QZM Caf\u00e9 offers an opportunity for exchange within and outside the community.<\/p>\n\n\n\n<p><\/p>\n\n\n\n<h1 class=\"wp-block-heading\">Visit the QZM<\/h1>\n\n\n\n<p><strong>Information on accessibility:<\/strong> The QZM is steplessly accessible and there is an accessible toilet. <\/p>\n\n\n\n<p>Questions about accessibility at QZM should be addressed to <a href=\"mailto:info@qzm-rn.de\">info@qzm-rn.de<\/a> or by telephone at 0621 15677628.<\/p>\n\n\n\n<p><strong>Opening hours of the QZM-Caf\u00e9:<\/strong> Thursday to Saturday, from 18:00-23:00. We serve various hot and cold non-alcoholic and alcoholic drinks. We do not offer food, but you are welcome to bring your own food from home or from one of the many restaurants and snack bars in the area.<\/p>\n\n\n\n<p><\/p>\n\n\n\n<p>You can find information on current events <a href=\"https:\/\/qzm-rn.de\/en\/veranstaltungen\/\" target=\"_blank\" rel=\"noreferrer noopener\">here<\/a>.<\/p>\n\n\n\n<p><\/p>\n\n\n\n<p><strong>Directions by public transportation:<\/strong><\/p>\n\n\n\n<div class=\"wp-block-columns is-layout-flex wp-container-core-columns-is-layout-9d6595d7 wp-block-columns-is-layout-flex\">\n<div class=\"wp-block-column is-layout-flow wp-block-column-is-layout-flow\" style=\"flex-basis:33.33%\">\n<figure style=\"padding-top:0;padding-right:var(--wp--preset--spacing--50);padding-bottom:0;padding-left:var(--wp--preset--spacing--50)\" class=\"wp-block-video\"><video height=\"640\" style=\"aspect-ratio: 360 \/ 640;\" width=\"360\" controls poster=\"https:\/\/qzm-rn.de\/wp-content\/uploads\/2024\/11\/Screenshot-2024-11-27-102738.png\" src=\"http:\/\/qzm-rn.de\/wp-content\/uploads\/2023\/07\/signal-2023-07-25-113729.mp4\"><\/video><\/figure>\n<\/div>\n\n\n\n<div class=\"wp-block-column is-vertically-aligned-center is-layout-flow wp-block-column-is-layout-flow\" style=\"flex-basis:66.66%\">\n<p><strong>Tramstation \u201eMarktplatz\u201c<\/strong><\/p>\n\n\n\n<p>The tramlines 1, 3, 4 and 5 run directly from Mannheim main station to the \u201cMarktplatz\u201d stop. Stepless boarding and alighting is possible. From here it is only 550 m to the QZM.<\/p>\n<\/div>\n<\/div>\n\n\n\n<p><strong>Tramstation \u201eRathaus\/REM\u201c<\/strong><\/p>\n\n\n\n<p>The tramlines 2 and 6 go to the \u201cRathaus\/REM\u201d stop. Stepless boarding and alighting is possible.From here it is 450 m to the QZM.<\/p>\n\n\n\n<p>You can find current timetables <a href=\"https:\/\/www.vrn.de\/\" target=\"_blank\" rel=\"noreferrer noopener\">here<\/a>. You can find more information on accessibility <a href=\"https:\/\/www.rnv-online.de\/fahrtinfo\/sicher-unterwegs\/barrierefreiheit\/\" target=\"_blank\" rel=\"noreferrer noopener\">here<\/a>.<br><br><strong>Tramstation \u201eDalbergstra\u00dfe\u201c<\/strong><\/p>\n\n\n\n<p>The tramlines 2 and 3 go to the stop \u201cDalbergstra\u00dfe\u201d.  From here it is 350 m to the QZM.<\/p>\n\n\n\n<p><strong>Parking: <\/strong><\/p>\n\n\n\n<p>The nearest parking garage is the <a href=\"https:\/\/www.parken-mannheim.de\/parken\/tiefgarage-h6\" target=\"_blank\" rel=\"noreferrer noopener\">Underground parking garage in H6<\/a>.<\/p>\n\n\n\n<p><\/p>\n\n\n\n<h1 class=\"wp-block-heading\">What's next?<\/h1>\n\n\n\n<p>After the start-up funding from the participation budget expired at the end of 2022, the QZM financed itself as a non-profit center - through donations, selected commercial events and, above all, sponsorship. The cooperation with the business community is also intended to strengthen the realization that queer-friendly companies benefit, for example, from being more attractive on the job market and queer employees feel more comfortable in the workplace and are therefore more productive.<\/p>\n\n\n\n<p>In the budget negotiations in December 2023, QZM received a hard-won grant of \u20ac75,000 for 2024, which covers around 70% of the costs incurred, as well as a grant of \u20ac100,000 for 2025. This means that QZM's services can continue to be free of charge and as accessible as possible. In addition, the funding gives the association more planning security so that it can concentrate on existing services and further growth.\n\nTranslated with DeepL.com (free version)<\/p>\n\n\n\n<p>We are desperately looking for a plot of land so that we can realize the Lifecycle House. The Lifecycle House is intended to reflect queer life in an even more comprehensive and integrated way and, for example, combine residential units, especially for queer living in old age, co-working and a daycare center open to all under one roof.<\/p>\n\n\n\n<h1 class=\"wp-block-heading\">Participate<\/h1>\n\n\n\n<p>The QZM exists for and through the community and is supported by voluntary work.<\/p>\n\n\n\n<p>At QZM, there are various ways in which you can get involved as a volunteer. If you are interested, please contact <a href=\"mailto:info@rn-qzm.de\" target=\"_blank\" rel=\"noreferrer noopener\">info@qzm-rn.de<\/a>.<\/p>\n\n\n\n<p>For those who are interested, there is also a monthly \"Vorstandstheke\", where the board is behind the counter for you all evening, answering questions and providing insights into the opportunities for getting involved. You can find the next date <a href=\"https:\/\/qzm-rn.de\/en\/veranstaltungen\/liste\/?tribe-bar-search=Vorstandstheke\" target=\"_blank\" rel=\"noreferrer noopener\">here<\/a>.<\/p>\n\n\n\n<div style=\"height:60px\" aria-hidden=\"true\" class=\"wp-block-spacer\"><\/div>\n\n\n\n<h1 class=\"wp-block-heading\">The Board<\/h1>\n\n\n\n<figure class=\"wp-block-image size-large is-resized has-custom-border is-style-default\"><img fetchpriority=\"high\" decoding=\"async\" width=\"1024\" height=\"674\" src=\"https:\/\/qzm-rn.de\/wp-content\/uploads\/2026\/03\/vorstand-HP-bild-2-1024x674.jpeg\" alt=\"\" class=\"wp-image-11420\" style=\"border-style:none;border-width:0px;aspect-ratio:1.7777777777777777;object-fit:cover;width:601px;height:auto\" srcset=\"https:\/\/qzm-rn.de\/wp-content\/uploads\/2026\/03\/vorstand-HP-bild-2-1024x674.jpeg 1024w, https:\/\/qzm-rn.de\/wp-content\/uploads\/2026\/03\/vorstand-HP-bild-2-300x197.jpeg 300w, https:\/\/qzm-rn.de\/wp-content\/uploads\/2026\/03\/vorstand-HP-bild-2-768x506.jpeg 768w, https:\/\/qzm-rn.de\/wp-content\/uploads\/2026\/03\/vorstand-HP-bild-2-18x12.jpeg 18w, https:\/\/qzm-rn.de\/wp-content\/uploads\/2026\/03\/vorstand-HP-bild-2.jpeg 1536w\" sizes=\"(max-width: 1024px) 100vw, 1024px\" \/><figcaption class=\"wp-element-caption\">Von Links nach Rechts und von oben nach unten: Panda Patzelt, Mina Burkhardt, Susanne Hun, Alex Banciu, Anne Parlow<\/figcaption><\/figure>\n\n\n\n<p>Seit November 2025 setzt sich der Vorstand des QZM wie folgt zusammen:<\/p>\n\n\n\n<p>Susanne Hun (Vorsitz), Anne Parlow (stellvertretender Vorsitz), Alex Banciu (Kassenf\u00fchrung), <br>Panda Patzelt (Beisitz) und Mina Burkhardt (Beisitz).<\/p>\n\n\n\n<div class=\"wp-block-columns is-layout-flex wp-container-core-columns-is-layout-9d6595d7 wp-block-columns-is-layout-flex\">\n<div class=\"wp-block-column is-vertically-aligned-top is-layout-flow wp-block-column-is-layout-flow\" style=\"flex-basis:33.33%\"><div class=\"wp-block-image\">\n<figure class=\"aligncenter size-full is-resized\"><img decoding=\"async\" width=\"554\" height=\"554\" src=\"https:\/\/qzm-rn.de\/wp-content\/uploads\/2023\/02\/susanne.png\" alt=\"\" class=\"wp-image-3698\" style=\"width:290px\" srcset=\"https:\/\/qzm-rn.de\/wp-content\/uploads\/2023\/02\/susanne.png 554w, https:\/\/qzm-rn.de\/wp-content\/uploads\/2023\/02\/susanne-300x300.png 300w, https:\/\/qzm-rn.de\/wp-content\/uploads\/2023\/02\/susanne-150x150.png 150w\" sizes=\"(max-width: 554px) 100vw, 554px\" \/><\/figure>\n<\/div><\/div>\n\n\n\n<div class=\"wp-block-column is-vertically-aligned-center is-layout-flow wp-block-column-is-layout-flow\" style=\"flex-basis:66.66%\">\n<p><strong>Susanne Hun (no pronouns):<\/strong> Co-founded the QZM and holds the position of Chairperson of the Board. Susanne is particularly responsible for the Lifecycle House, strategic cooperations and all things graphic. Susanne is a founding member of <a href=\"https:\/\/frieda.city\/\">FRIEDA<\/a> (network for lesbian, bi, trans, inter and queer women*) and was a speaker at the <a href=\"https:\/\/www.netzwerk-lsbttiq.net\/\">Landesnetzwerks LSBTTIQ Baden-W\u00fcrttemberg<\/a>.<\/p>\n\n\n\n<p>Contact Susanne directly: <a href=\"mailto:susanne.hun@qzm-rn.de\">susanne.hun@qzm-rn.de<\/a><\/p>\n<\/div>\n<\/div>\n\n\n\n<div style=\"height:60px\" aria-hidden=\"true\" class=\"wp-block-spacer\"><\/div>\n\n\n\n<div class=\"wp-block-columns is-layout-flex wp-container-core-columns-is-layout-9d6595d7 wp-block-columns-is-layout-flex\">\n<div class=\"wp-block-column is-vertically-aligned-top is-layout-flow wp-block-column-is-layout-flow\" style=\"flex-basis:33.33%\"><div class=\"wp-block-image\">\n<figure class=\"aligncenter size-full is-resized\"><img decoding=\"async\" width=\"831\" height=\"831\" src=\"https:\/\/qzm-rn.de\/wp-content\/uploads\/2026\/03\/Anne-HP-bild.png\" alt=\"\" class=\"wp-image-11410\" style=\"width:290px\" srcset=\"https:\/\/qzm-rn.de\/wp-content\/uploads\/2026\/03\/Anne-HP-bild.png 831w, https:\/\/qzm-rn.de\/wp-content\/uploads\/2026\/03\/Anne-HP-bild-300x300.png 300w, https:\/\/qzm-rn.de\/wp-content\/uploads\/2026\/03\/Anne-HP-bild-150x150.png 150w, https:\/\/qzm-rn.de\/wp-content\/uploads\/2026\/03\/Anne-HP-bild-768x768.png 768w, https:\/\/qzm-rn.de\/wp-content\/uploads\/2026\/03\/Anne-HP-bild-12x12.png 12w\" sizes=\"(max-width: 831px) 100vw, 831px\" \/><\/figure>\n<\/div><\/div>\n\n\n\n<div class=\"wp-block-column is-vertically-aligned-center is-layout-flow wp-block-column-is-layout-flow\" style=\"flex-basis:66.66%\">\n<p><strong>Anne Parlow (she\/her):<\/strong> Ist stellvertretende Vorsitzende des QZM. Dar\u00fcber hinaus unterst\u00fctzt sie das QZM aktiv in der \u00d6ffentlichkeitsarbeit sowie in den Bereichen Social Media und Fundraising. Seit Anfang 2024 spricht sie in ihrem Podcast mit queeren Menschen \u00fcber verschiedene Themen des t\u00e4glichen Lebens. Dar\u00fcber hinaus ist sie regelm\u00e4\u00dfig Co-Moderatorin von Online-Events zum Thema Queerness im beruflichen Kontext.<\/p>\n\n\n\n<p>Contact Anne directly: <a href=\"mailto:anne.parlow@qzm-rn.de\">anne.parlow@qzm-rn.de<\/a><\/p>\n<\/div>\n<\/div>\n\n\n\n<div style=\"height:60px\" aria-hidden=\"true\" class=\"wp-block-spacer\"><\/div>\n\n\n\n<div class=\"wp-block-columns is-layout-flex wp-container-core-columns-is-layout-9d6595d7 wp-block-columns-is-layout-flex\">\n<div class=\"wp-block-column is-vertically-aligned-top is-layout-flow wp-block-column-is-layout-flow\" style=\"flex-basis:33.33%\"><div class=\"wp-block-image\">\n<figure class=\"aligncenter size-full is-resized\"><img loading=\"lazy\" decoding=\"async\" width=\"465\" height=\"465\" src=\"https:\/\/qzm-rn.de\/wp-content\/uploads\/2026\/01\/Bild8.png\" alt=\"\" class=\"wp-image-10955\" style=\"width:290px\" srcset=\"https:\/\/qzm-rn.de\/wp-content\/uploads\/2026\/01\/Bild8.png 465w, https:\/\/qzm-rn.de\/wp-content\/uploads\/2026\/01\/Bild8-300x300.png 300w, https:\/\/qzm-rn.de\/wp-content\/uploads\/2026\/01\/Bild8-150x150.png 150w, https:\/\/qzm-rn.de\/wp-content\/uploads\/2026\/01\/Bild8-12x12.png 12w\" sizes=\"(max-width: 465px) 100vw, 465px\" \/><\/figure>\n<\/div><\/div>\n\n\n\n<div class=\"wp-block-column is-vertically-aligned-center is-layout-flow wp-block-column-is-layout-flow\" style=\"flex-basis:66.66%\">\n<p><strong>Alex Banciu (er\/ihn):<\/strong>&nbsp;Beh\u00e4lt als Kassenf\u00fchrung den \u00dcberblick \u00fcber die Finanzen des QZM. Daneben unterst\u00fctzt er das Team in allen IT-Fragen und ist bei Veranstaltungen, vor allem hinter der Theke der Rockbar, immer ansprechbar.<\/p>\n\n\n\n<p>Alex direkt erreichen: <a href=\"mailto:alex.banciu@qzm-rn.de\">alex.banciu@qzm-rn.de<\/a><\/p>\n<\/div>\n<\/div>\n\n\n\n<div style=\"height:60px\" aria-hidden=\"true\" class=\"wp-block-spacer\"><\/div>\n\n\n\n<div class=\"wp-block-columns is-layout-flex wp-container-core-columns-is-layout-9d6595d7 wp-block-columns-is-layout-flex\">\n<div class=\"wp-block-column is-layout-flow wp-block-column-is-layout-flow\" style=\"flex-basis:33.33%\"><div class=\"wp-block-image\">\n<figure class=\"aligncenter size-full is-resized\"><img loading=\"lazy\" decoding=\"async\" width=\"465\" height=\"466\" src=\"https:\/\/qzm-rn.de\/wp-content\/uploads\/2026\/01\/Bild1.png\" alt=\"\" class=\"wp-image-10953\" style=\"width:290px\" srcset=\"https:\/\/qzm-rn.de\/wp-content\/uploads\/2026\/01\/Bild1.png 465w, https:\/\/qzm-rn.de\/wp-content\/uploads\/2026\/01\/Bild1-300x300.png 300w, https:\/\/qzm-rn.de\/wp-content\/uploads\/2026\/01\/Bild1-150x150.png 150w, https:\/\/qzm-rn.de\/wp-content\/uploads\/2026\/01\/Bild1-12x12.png 12w\" sizes=\"(max-width: 465px) 100vw, 465px\" \/><\/figure>\n<\/div><\/div>\n\n\n\n<div class=\"wp-block-column is-vertically-aligned-center is-layout-flow wp-block-column-is-layout-flow\" style=\"flex-basis:66.66%\">\n<p><strong>Panda Patzelt (all pronouns):<\/strong> ist seit Anfang 2023 in verschiedenen Rollen im QZM aktiv und seit November 2025 eine der beiden Beisitzenden. Panda hat durch deren Erfahrungen einen vielf\u00e4ltigen Blick auf die Veranstaltungen und Pl\u00e4ne des QZM. Das QZM Wohnzimmer ist Pandas eigene Veranstaltungsreihe bei der er hinter der Theke angetroffen werden kann.<\/p>\n\n\n\n<p>Contact Panda directly: <a href=\"mailto:panda.patzelt@qzm-rn.de\">panda.patzelt@qzm-rn.de<\/a><\/p>\n<\/div>\n<\/div>\n\n\n\n<div style=\"height:60px\" aria-hidden=\"true\" class=\"wp-block-spacer\"><\/div>\n\n\n\n<div class=\"wp-block-columns is-layout-flex wp-container-core-columns-is-layout-9d6595d7 wp-block-columns-is-layout-flex\">\n<div class=\"wp-block-column is-vertically-aligned-top is-layout-flow wp-block-column-is-layout-flow\" style=\"flex-basis:33.3%\"><div class=\"wp-block-image\">\n<figure class=\"aligncenter size-full is-resized\"><img loading=\"lazy\" decoding=\"async\" width=\"465\" height=\"466\" src=\"https:\/\/qzm-rn.de\/wp-content\/uploads\/2026\/03\/Mina-HP-Bild-4.png\" alt=\"\" class=\"wp-image-11411\" style=\"aspect-ratio:1;object-fit:cover;width:290px\" srcset=\"https:\/\/qzm-rn.de\/wp-content\/uploads\/2026\/03\/Mina-HP-Bild-4.png 465w, https:\/\/qzm-rn.de\/wp-content\/uploads\/2026\/03\/Mina-HP-Bild-4-300x300.png 300w, https:\/\/qzm-rn.de\/wp-content\/uploads\/2026\/03\/Mina-HP-Bild-4-150x150.png 150w, https:\/\/qzm-rn.de\/wp-content\/uploads\/2026\/03\/Mina-HP-Bild-4-12x12.png 12w\" sizes=\"(max-width: 465px) 100vw, 465px\" \/><\/figure>\n<\/div><\/div>\n\n\n\n<div class=\"wp-block-column is-vertically-aligned-center is-layout-flow wp-block-column-is-layout-flow\" style=\"flex-basis:575px\">\n<p><strong>Mina Burkhardt (sie\/ihr): <\/strong>Ist seit November 2025 Beisitz im QZM Vorstand. Sie engagiert sich seit Anfang 2025 im Technikteam des QZM und hilft vor allem bei Karaoke Abenden bei der Lichttechnik aus.<\/p>\n\n\n\n<p>Mina direkt erreichen: <a href=\"mailto:mina.burkhardt@qzm-rn.de\">mina.burkhardt@qzm-rn.de<\/a><\/p>\n<\/div>\n<\/div>\n\n\n\n<div style=\"height:60px\" aria-hidden=\"true\" class=\"wp-block-spacer\"><\/div>\n\n\n\n<p><strong>Former board members:<\/strong> Sarah Kinzebach, Johannah Illgner, Kristina Scheuermann, Matthias K\u00fcck, Cilly Dickmann, Yvonne Fischer, Meike B\u00fcttner, Anna Roth, Achim Freitag, Andrea Chagas L\u00f3pez, Ilka Kaufmann, Caro Bertram, Hannah Hil\u00df<\/p>\n\n\n\n<div style=\"height:60px\" aria-hidden=\"true\" class=\"wp-block-spacer\"><\/div>\n\n\n\n<h1 class=\"wp-block-heading\">Das hauptamtliche Team<\/h1>\n\n\n\n<p>K\u00f6nnt ihr je nach Anliegen unter <a href=\"mailto:geschaeftsfuehrung@qzm-rn.de\">geschaeftsfuehrung@qzm-rn.de<\/a> oder <a href=\"mailto:verwaltung@qzm-rn.de\">verwaltung@qzm-rn.de<\/a> erreichen.<\/p>\n\n\n\n<div class=\"wp-block-columns is-layout-flex wp-container-core-columns-is-layout-9d6595d7 wp-block-columns-is-layout-flex\">\n<div class=\"wp-block-column is-layout-flow wp-block-column-is-layout-flow\" style=\"flex-basis:33.33%\"><div class=\"wp-block-image\">\n<figure class=\"aligncenter size-full is-resized\"><img loading=\"lazy\" decoding=\"async\" width=\"465\" height=\"466\" src=\"https:\/\/qzm-rn.de\/wp-content\/uploads\/2026\/01\/Bild6.png\" alt=\"\" class=\"wp-image-10951\" style=\"aspect-ratio:1;object-fit:cover;width:290px\" srcset=\"https:\/\/qzm-rn.de\/wp-content\/uploads\/2026\/01\/Bild6.png 465w, https:\/\/qzm-rn.de\/wp-content\/uploads\/2026\/01\/Bild6-300x300.png 300w, https:\/\/qzm-rn.de\/wp-content\/uploads\/2026\/01\/Bild6-150x150.png 150w, https:\/\/qzm-rn.de\/wp-content\/uploads\/2026\/01\/Bild6-12x12.png 12w\" sizes=\"(max-width: 465px) 100vw, 465px\" \/><\/figure>\n<\/div><\/div>\n\n\n\n<div class=\"wp-block-column is-vertically-aligned-center is-layout-flow wp-block-column-is-layout-flow\" style=\"flex-basis:66.66%\">\n<p><strong>Selms Darkow (keine Pronomen):<\/strong> ist seit September 2025 die Gesch\u00e4ftsf\u00fchrung des QZM und k\u00fcmmert sich um den operativen Teil des Vereins &#8211; Finanzen, Projektarbeit, F\u00f6rdermittel, u.v.m. Dabei arbeitet Selms eng mit dem Vorstand zusammen, sowie dem restlichen hauptamtlichen Team. Selms \u00fcbernimmt au\u00dferdem die Anleitung f\u00fcr FSJ- und Praktikumspersonen.<\/p>\n\n\n\n<p>Selms direkt erreichen: <a href=\"mailto:selms.darkow@qzm-rn.de\">selms.darkow@qzm-rn.de<\/a><\/p>\n<\/div>\n<\/div>\n\n\n\n<div class=\"wp-block-columns is-layout-flex wp-container-core-columns-is-layout-9d6595d7 wp-block-columns-is-layout-flex\">\n<div class=\"wp-block-column is-layout-flow wp-block-column-is-layout-flow\" style=\"flex-basis:33.33%\"><div class=\"wp-block-image\">\n<figure class=\"aligncenter size-full is-resized\"><img loading=\"lazy\" decoding=\"async\" width=\"465\" height=\"466\" src=\"https:\/\/qzm-rn.de\/wp-content\/uploads\/2026\/01\/Bild2.png\" alt=\"\" class=\"wp-image-10952\" style=\"aspect-ratio:1;object-fit:cover;width:290px\" srcset=\"https:\/\/qzm-rn.de\/wp-content\/uploads\/2026\/01\/Bild2.png 465w, https:\/\/qzm-rn.de\/wp-content\/uploads\/2026\/01\/Bild2-300x300.png 300w, https:\/\/qzm-rn.de\/wp-content\/uploads\/2026\/01\/Bild2-150x150.png 150w, https:\/\/qzm-rn.de\/wp-content\/uploads\/2026\/01\/Bild2-12x12.png 12w\" sizes=\"(max-width: 465px) 100vw, 465px\" \/><\/figure>\n<\/div><\/div>\n\n\n\n<div class=\"wp-block-column is-vertically-aligned-center is-layout-flow wp-block-column-is-layout-flow\" style=\"flex-basis:66.66%\">\n<p>\u2068<strong>Elio Tissen (er\/ihm):<\/strong> ist seit September 2025 auf der FSJ-Stelle des QZM und k\u00fcmmert sich darum, dass ihr die Angebote und Veranstaltungen des QZM rechtzeitig mitbekommt. Elio unterst\u00fctzt das Gesch\u00e4ftsf\u00fchrungsteam mit Text- und Grafikarbeiten, betreut und entwirft Veranstaltungen und lernt neue Praktikant*innen und Ehrenamtliche ein.<\/p>\n\n\n\n<p>Elio direkt erreichen: <a href=\"mailto:fsj@qzm-rn.de\">fsj@qzm-rn.de<\/a>\u2069<\/p>\n<\/div>\n<\/div>\n\n\n\n<div style=\"height:60px\" aria-hidden=\"true\" class=\"wp-block-spacer\"><\/div>\n\n\n\n<p><strong>Ehemalige hauptamtliche Teammitglieder:<\/strong> Katrin Hofner, Panda Patzelt<\/p>\n\n\n\n<div style=\"height:100px\" aria-hidden=\"true\" class=\"wp-block-spacer\"><\/div>\n\n\n\n<h1 class=\"wp-block-heading\">Internship<\/h1>\n\n\n\n<p>At QZM, it is possible to complete mandatory internships, e.g. as part of a degree course, or voluntary internships lasting three months.<\/p>\n\n\n\n<p>Tasks include supporting the management in day-to-day business, public relations work in the context of creating social media posts and press releases, maintaining the homepage and actively participating in events.<\/p>\n\n\n\n<p>Please send your application with a convincing letter of motivation to: info@qzm-rn.de <\/p>\n\n\n\n<div style=\"height:100px\" aria-hidden=\"true\" class=\"wp-block-spacer\"><\/div>\n\n\n\n<h1 class=\"wp-block-heading\">Board of Trustees (former Steering Committee)<\/h1>\n\n\n\n<p>The steering committee was convened in April 2020 with the aim of guaranteeing the transparent and appropriate use of budget funds.<\/p>\n\n\n\n<p>The members are Christian H\u00fcbel (Head of the Democracy and Strategy Department) and S\u00f6ren Landmann (LGBTI Officer) for the City of Mannheim, Lea Sch\u00f6llkopf and Deniz Gedik for the LGBTI intergroup of the Mannheim City Council, Margret G\u00f6th (formerly Youth of PLUS e.V., now part of the LGBTI Commission) and Karin Heinelt (Stadtjugendring) for youth work.<\/p>\n\n\n\n<p>You can find the rules of procedure here:<\/p>\n\n\n\n<div class=\"wp-block-file\"><a id=\"wp-block-file--media-160fb179-2abb-432a-9c3d-9e3421753394\" href=\"https:\/\/qzm-rn.de\/wp-content\/uploads\/2021\/05\/GO_QZM_Lenkungskreis.pdf\">GO_QZM_Lenkungskreis<\/a><a href=\"https:\/\/qzm-rn.de\/wp-content\/uploads\/2021\/05\/GO_QZM_Lenkungskreis.pdf\" class=\"wp-block-file__button wp-element-button\" download aria-describedby=\"wp-block-file--media-160fb179-2abb-432a-9c3d-9e3421753394\">Herunterladen<\/a><\/div>\n\n\n\n<p>Following the disbursement of funds from the city's participation budget, the steering committee is no longer formally necessary. In order to maintain the exchange of the various expert opinions, the committee will continue as the QZM Board of Trustees with an advisory function. Another member of the QZM Board of Trustees, in addition to those mentioned above, is Lisa Schlode (Head of Organization at PLUS e.V.) for youth work].<\/p>","protected":false},"excerpt":{"rendered":"<p>Was ist das Queere Zentrum Mannheim? Das QZM ist ein Ort zur Vernetzung, St\u00e4rkung und Sichtbarmachung der Community in der Metropolregion Rhein-Neckar. Queer verwenden wir als Sammelgriff f\u00fcr lesbische, schwule,&hellip;&nbsp;<a href=\"https:\/\/qzm-rn.de\/en\/ueber-uns\/\" class=\"\" rel=\"bookmark\">Read More &raquo;<span class=\"screen-reader-text\">About us<\/span><\/a><\/p>","protected":false},"author":2,"featured_media":0,"parent":0,"menu_order":0,"comment_status":"closed","ping_status":"closed","template":"","meta":{"_tec_requires_first_save":true,"_eb_attr":"","neve_meta_sidebar":"","neve_meta_container":"","neve_meta_enable_content_width":"off","neve_meta_content_width":0,"neve_meta_title_alignment":"","neve_meta_author_avatar":"","neve_post_elements_order":"","neve_meta_disable_header":"","neve_meta_disable_footer":"","neve_meta_disable_title":"on","_EventAllDay":false,"_EventTimezone":"","_EventStartDate":"","_EventEndDate":"","_EventStartDateUTC":"","_EventEndDateUTC":"","_EventShowMap":false,"_EventShowMapLink":false,"_EventURL":"","_EventCost":"","_EventCostDescription":"","_EventCurrencySymbol":"","_EventCurrencyCode":"","_EventCurrencyPosition":"","_EventDateTimeSeparator":"","_EventTimeRangeSeparator":"","_EventOrganizerID":[],"_EventVenueID":[],"_OrganizerEmail":"","_OrganizerPhone":"","_OrganizerWebsite":"","_VenueAddress":"","_VenueCity":"","_VenueCountry":"","_VenueProvince":"","_VenueState":"","_VenueZip":"","_VenuePhone":"","_VenueURL":"","_VenueStateProvince":"","_VenueLat":"","_VenueLng":"","_VenueShowMap":false,"_VenueShowMapLink":false,"_tribe_blocks_recurrence_rules":"","_tribe_blocks_recurrence_description":"","_tribe_blocks_recurrence_exclusions":"","iawp_total_views":19,"footnotes":""},"class_list":["post-13","page","type-page","status-publish","hentry"],"jetpack_sharing_enabled":true,"_links":{"self":[{"href":"https:\/\/qzm-rn.de\/en\/wp-json\/wp\/v2\/pages\/13","targetHints":{"allow":["GET"]}}],"collection":[{"href":"https:\/\/qzm-rn.de\/en\/wp-json\/wp\/v2\/pages"}],"about":[{"href":"https:\/\/qzm-rn.de\/en\/wp-json\/wp\/v2\/types\/page"}],"author":[{"embeddable":true,"href":"https:\/\/qzm-rn.de\/en\/wp-json\/wp\/v2\/users\/2"}],"replies":[{"embeddable":true,"href":"https:\/\/qzm-rn.de\/en\/wp-json\/wp\/v2\/comments?post=13"}],"version-history":[{"count":8,"href":"https:\/\/qzm-rn.de\/en\/wp-json\/wp\/v2\/pages\/13\/revisions"}],"predecessor-version":[{"id":11586,"href":"https:\/\/qzm-rn.de\/en\/wp-json\/wp\/v2\/pages\/13\/revisions\/11586"}],"wp:attachment":[{"href":"https:\/\/qzm-rn.de\/en\/wp-json\/wp\/v2\/media?parent=13"}],"curies":[{"name":"wp","href":"https:\/\/api.w.org\/{rel}","templated":true}]}}