{"id":1562,"date":"2022-03-18T16:28:00","date_gmt":"2022-03-18T15:28:00","guid":{"rendered":"https:\/\/qzm-rn.de\/?page_id=1562"},"modified":"2026-03-30T14:02:54","modified_gmt":"2026-03-30T12:02:54","slug":"cafe","status":"publish","type":"page","link":"https:\/\/qzm-rn.de\/en\/cafe\/","title":{"rendered":"Caf\u00e9"},"content":{"rendered":"<p><strong>Regular opening hours Caf\u00e9:<\/strong><br>Thursday to Saturday 6pm - 11pm<\/p>\n\n\n\n<p><strong>Current opening hours Caf\u00e9:<\/strong><br>Donnerstag und Freitag, 02.04 \u2013 03.04.: 18:00 &#8211; 23:00 Uhr<br>Samstag, 04.04.: 18:00 &#8211; 22:00 Uhr<\/p>\n\n\n\n<p class=\"has-nv-text-dark-bg-color has-text-color has-link-color wp-elements-e5898d5e96c812d535066859c4b1ce5f\">Sind regul\u00e4r oder werden so bald wie m\u00f6glich bekannt gegeben.<\/p>\n\n\n\n<p class=\"has-nv-text-dark-bg-color has-text-color has-link-color wp-elements-b5a589aa42ba56acb3d1e57449c79640\"><\/p>\n\n\n\n<p><\/p>\n\n\n\n<p><\/p>\n\n\n\n<p><\/p>\n\n\n\n<p><\/p>\n\n\n\n<p><\/p>\n\n\n\n<p><\/p>\n\n\n\n<p><\/p>\n\n\n\n<p class=\"has-neve-text-color-color has-text-color has-link-color wp-elements-89a7747b89160ec192123be999c5d37c\"><\/p>\n\n\n\n<p><\/p>\n\n\n\n<p><\/p>\n\n\n\n<p>In addition to rooms for events and group meetings, the QZM also has its own caf\u00e9 where people can linger and chat.<\/p>\n\n\n\n<p>There are various hot and cold non-alcoholic and alcoholic drinks. We do not offer food, but you are welcome to bring your own food from home or from one of the many restaurants and snack bars in the area.<\/p>\n\n\n\n<p>The exchange extends beyond the community: we have opted for an open caf\u00e9 so that people outside the queer community also have the opportunity to come together and find a place to feel comfortable. At the same time, the QZM Caf\u00e9 remains a safer space for queer people.<br><br>The caf\u00e9 is run by volunteers. If you would like to help out, new faces are always welcome. Once a month there is a board meeting where interested parties can find out more about the QZM and get to know the board directly. You can find the exact date and time at <a href=\"https:\/\/qzm-rn.de\/en\/veranstaltungen\/\" target=\"_blank\" rel=\"noreferrer noopener\">Events<\/a> or our social media channels.<\/p>\n\n\n\n<p>We look forward to your visit!<\/p>\n\n\n\n<p><strong>Are you over 18 years old and interested in supporting us at the QZM Caf\u00e9 or would you like to find out more about volunteering at the QZM Caf\u00e9?<\/strong><\/p>\n\n\n\n<p><strong>Here is the most important information:<\/strong><\/p>\n\n\n\n<p>We organize volunteer work in the QZM Caf\u00e9 and at events via signal groups. A shift in the caf\u00e9 usually lasts 2.5 to 3.5 hours.<\/p>\n\n\n\n<p>You can simply do a trial shift in the QZM Caf\u00e9 and find out whether you enjoy this work.<\/p>\n\n\n\n<p>There are no specific requirements for a trial shift. You can also register without any prior knowledge, the caf\u00e9 team will be happy to explain how everything works. How can I register? You can drop by the next boardroom counter at QZM or contact info@qzm-rn.de for more information.<\/p>\n\n\n\n<p>The caf\u00e9 team also holds team meetings and undertakes leisure activities together from time to time.<\/p>\n\n\n\n<p>As well as selling drinks, the caf\u00e9 team also decorates areas of the QZM or sometimes helps with setting up for events.<\/p>\n\n\n\n<p><strong>If you decide to become a permanent part of the caf\u00e9 team<\/strong>&nbsp;you should undergo food safety and hygiene training training.<\/p>\n\n\n\n<p>Further information on&nbsp;<strong>food safety and hygiene training training<\/strong>&nbsp;can be found on the website of&nbsp;<a href=\"https:\/\/www.mannheim.de\/de\/service-bieten\/gesundheit\/lebensmittelhygiene-schulung\" target=\"_blank\" rel=\"noreferrer noopener\">Stadt Mannheim<\/a>. The&nbsp;<a href=\"https:\/\/www.mannheim.de\/sites\/default\/files\/2019-04\/58.LMHSch%40mannheim.de%20-%20gesundheitliche_anforderungen_an_das_personal_beim_umgang_mit_lebensmitteln.pdf\" target=\"_blank\" rel=\"noreferrer noopener\">registration form<\/a>&nbsp;for the training and send it directly by email to&nbsp;<a href=\"mailto:58.LMHSch@mannheim.de\" target=\"_blank\" rel=\"noreferrer noopener\">58.LMHSch@mannheim.de<\/a>&nbsp;. The training itself lasts approx. 60 minutes and costs 31 euros. The QZM can cover the costs if required. We will try to find a date once a month to hold the training together.<\/p>\n\n\n\n<p><strong>We look forward to seeing you!<\/strong><\/p>\n\n\n\n<p><\/p>","protected":false},"excerpt":{"rendered":"<p>Sind regul\u00e4r oder werden so bald wie m\u00f6glich bekannt gegeben. Das QZM bietet neben R\u00e4umlichkeiten f\u00fcr Veranstaltungen und Gruppentreffen auch ein eigenes Caf\u00e9 zum Verweilen und Austauschen an. Es gibt&hellip;&nbsp;<a href=\"https:\/\/qzm-rn.de\/en\/cafe\/\" class=\"\" rel=\"bookmark\">Read More &raquo;<span class=\"screen-reader-text\">Caf\u00e9<\/span><\/a><\/p>","protected":false},"author":2,"featured_media":0,"parent":0,"menu_order":0,"comment_status":"closed","ping_status":"closed","template":"","meta":{"_tec_requires_first_save":true,"_eb_attr":"","neve_meta_sidebar":"full-width","neve_meta_container":"","neve_meta_enable_content_width":"on","neve_meta_content_width":100,"neve_meta_title_alignment":"","neve_meta_author_avatar":"","neve_post_elements_order":"","neve_meta_disable_header":"","neve_meta_disable_footer":"","neve_meta_disable_title":"","_EventAllDay":false,"_EventTimezone":"","_EventStartDate":"","_EventEndDate":"","_EventStartDateUTC":"","_EventEndDateUTC":"","_EventShowMap":false,"_EventShowMapLink":false,"_EventURL":"","_EventCost":"","_EventCostDescription":"","_EventCurrencySymbol":"","_EventCurrencyCode":"","_EventCurrencyPosition":"","_EventDateTimeSeparator":"","_EventTimeRangeSeparator":"","_EventOrganizerID":[],"_EventVenueID":[],"_OrganizerEmail":"","_OrganizerPhone":"","_OrganizerWebsite":"","_VenueAddress":"","_VenueCity":"","_VenueCountry":"","_VenueProvince":"","_VenueState":"","_VenueZip":"","_VenuePhone":"","_VenueURL":"","_VenueStateProvince":"","_VenueLat":"","_VenueLng":"","_VenueShowMap":false,"_VenueShowMapLink":false,"_tribe_blocks_recurrence_rules":"","_tribe_blocks_recurrence_description":"","_tribe_blocks_recurrence_exclusions":"","footnotes":""},"class_list":["post-1562","page","type-page","status-publish","hentry"],"_links":{"self":[{"href":"https:\/\/qzm-rn.de\/en\/wp-json\/wp\/v2\/pages\/1562","targetHints":{"allow":["GET"]}}],"collection":[{"href":"https:\/\/qzm-rn.de\/en\/wp-json\/wp\/v2\/pages"}],"about":[{"href":"https:\/\/qzm-rn.de\/en\/wp-json\/wp\/v2\/types\/page"}],"author":[{"embeddable":true,"href":"https:\/\/qzm-rn.de\/en\/wp-json\/wp\/v2\/users\/2"}],"replies":[{"embeddable":true,"href":"https:\/\/qzm-rn.de\/en\/wp-json\/wp\/v2\/comments?post=1562"}],"version-history":[{"count":3,"href":"https:\/\/qzm-rn.de\/en\/wp-json\/wp\/v2\/pages\/1562\/revisions"}],"predecessor-version":[{"id":10877,"href":"https:\/\/qzm-rn.de\/en\/wp-json\/wp\/v2\/pages\/1562\/revisions\/10877"}],"wp:attachment":[{"href":"https:\/\/qzm-rn.de\/en\/wp-json\/wp\/v2\/media?parent=1562"}],"curies":[{"name":"wp","href":"https:\/\/api.w.org\/{rel}","templated":true}]}}