{"id":1617,"date":"2023-05-12T12:55:46","date_gmt":"2023-05-12T10:55:46","guid":{"rendered":"https:\/\/qzm-rn.de\/?page_id=1617"},"modified":"2025-12-06T19:23:07","modified_gmt":"2025-12-06T18:23:07","slug":"queer-at-work","status":"publish","type":"page","link":"https:\/\/qzm-rn.de\/en\/queer-at-work\/","title":{"rendered":"Queer at Work \u2013 LSBTIQ* in der Arbeitswelt"},"content":{"rendered":"<figure class=\"wp-block-image size-full is-resized\"><img fetchpriority=\"high\" decoding=\"async\" width=\"904\" height=\"666\" src=\"https:\/\/qzm-rn.de\/wp-content\/uploads\/2023\/11\/Bildschirmfoto-2023-11-11-um-14.01.53.png\" alt=\"\" class=\"wp-image-5956\" srcset=\"https:\/\/qzm-rn.de\/wp-content\/uploads\/2023\/11\/Bildschirmfoto-2023-11-11-um-14.01.53.png 904w, https:\/\/qzm-rn.de\/wp-content\/uploads\/2023\/11\/Bildschirmfoto-2023-11-11-um-14.01.53-300x221.png 300w, https:\/\/qzm-rn.de\/wp-content\/uploads\/2023\/11\/Bildschirmfoto-2023-11-11-um-14.01.53-768x566.png 768w\" sizes=\"(max-width: 904px) 100vw, 904px\" \/><\/figure>\n\n\n\n<h2 class=\"wp-block-heading\">Brosch\u00fcre<\/h2>\n\n\n\n<div class=\"wp-block-columns is-layout-flex wp-container-core-columns-is-layout-9d6595d7 wp-block-columns-is-layout-flex\">\n<div class=\"wp-block-column is-vertically-aligned-top is-layout-flow wp-block-column-is-layout-flow\" style=\"flex-basis:33.33%\">\n<figure class=\"wp-block-image size-full is-resized\"><img decoding=\"async\" width=\"300\" height=\"300\" src=\"https:\/\/qzm-rn.de\/wp-content\/uploads\/2023\/11\/csm_Queer-at-Work-LSBTIQ-Arbeitswelt_2023_28460704b0.jpg\" alt=\"\" class=\"wp-image-5958\" style=\"aspect-ratio:1;width:313px;height:auto\" srcset=\"https:\/\/qzm-rn.de\/wp-content\/uploads\/2023\/11\/csm_Queer-at-Work-LSBTIQ-Arbeitswelt_2023_28460704b0.jpg 300w, https:\/\/qzm-rn.de\/wp-content\/uploads\/2023\/11\/csm_Queer-at-Work-LSBTIQ-Arbeitswelt_2023_28460704b0-150x150.jpg 150w\" sizes=\"(max-width: 300px) 100vw, 300px\" \/><\/figure>\n<\/div>\n\n\n\n<div class=\"wp-block-column is-layout-flow wp-block-column-is-layout-flow\" style=\"flex-basis:66.66%\">\n<p><\/p>\n\n\n\n<p>Die Brosch\u00fcre zu queerem Leben und queeren Menschen in der Arbeitswelt unterst\u00fctzt und sensibilisiert sowohl die Arbeitgeberseite als auch F\u00fchrungskr\u00e4fte, Mitarbeitende und Kolleg*innen im allt\u00e4glichen Umgang mit Queersein am Arbeitsplatz. Sie enth\u00e4lt auch eine Checkliste f\u00fcr Unternehmen, KMU, Institutionen, NGOs, den \u00d6ffentlichen Dienst, Vereine, Gewerkschaften, um erste Ergebnisse, aber auch Meilensteine zu messen und um Denkanst\u00f6\u00dfe bei der Erarbeitung von Ma\u00dfnahmen und Programmen zu liefern.<\/p>\n\n\n\n<p>Brosch\u00fcre <a href=\"https:\/\/sozialministerium.baden-wuerttemberg.de\/fileadmin\/redaktion\/m-sm\/intern\/downloads\/Publikationen\/Queer-at-Work-LSBTIQ-Arbeitswelt_2023.pdf\">here<\/a> Herunterladen <\/p>\n\n\n\n<p>auf der <a href=\"https:\/\/sozialministerium.baden-wuerttemberg.de\/de\/service\/publikation\/did\/queer-at-work-lsbtiq-in-der-arbeitswelt\">Seite<\/a> des <a href=\"https:\/\/sozialministerium.baden-wuerttemberg.de\/de\/service\/publikation\/did\/queer-at-work-lsbtiq-in-der-arbeitswelt\">Sozialministeriums<\/a> kann die <a href=\"https:\/\/sozialministerium.baden-wuerttemberg.de\/de\/service\/publikation\/did\/queer-at-work-lsbtiq-in-der-arbeitswelt\">Brosch\u00fcre<\/a> in Print <a href=\"https:\/\/sozialministerium.baden-wuerttemberg.de\/de\/service\/publikation\/did\/queer-at-work-lsbtiq-in-der-arbeitswelt\">bestellt<\/a> werden<\/p>\n<\/div>\n<\/div>\n\n\n\n<h2 class=\"wp-block-heading\">VERNETZUNG UND ANLAUFSTELLEN<\/h2>\n\n\n\n<h3 class=\"wp-block-heading\">Selbstvertretung und Interessensverb\u00e4nde<\/h3>\n\n\n\n<ul class=\"wp-block-list\">\n<li>Bundesverband Trans* <\/li>\n\n\n\n<li>Charta der Vielfalt e.V. <\/li>\n\n\n\n<li>Deutsche Gesellschaft f\u00fcr Transidentit\u00e4t und Intersexualit\u00e4t e.V. (dgti) <\/li>\n\n\n\n<li>Intergeschlechtliche Menschen e.V. <\/li>\n\n\n\n<li>Internationale Vereinigung Intergeschlechtlicher Menschen \u2013 OII Germany e.V. <\/li>\n\n\n\n<li>Lesben- und Schwulenverband Deutschland e.V. (LSVD) <\/li>\n\n\n\n<li>TransInterQueer e.V. <\/li>\n\n\n\n<li>V\u00f6lklinger Kreis e.V. <\/li>\n\n\n\n<li>Wirtschaftsweiber e.V.<\/li>\n<\/ul>\n\n\n\n<h3 class=\"wp-block-heading\">Berufsverb\u00e4nde und -netzwerke<\/h3>\n\n\n\n<ul class=\"wp-block-list\">\n<li>Arbeitsgruppe LSBTIQ* innerhalb der Gewerkschaft der Polizei (GdP)<\/li>\n\n\n\n<li>Bundesarbeitskreis LSBTTIQQAAP+ beim Deutschen Gewerkschaftsbund (DGB)<\/li>\n\n\n\n<li>Bundesausschuss Queer der Gewerkschaft Erziehung und Wissenschaft (GEW)<\/li>\n\n\n\n<li>Bundesarbeitskreis Regenbogen (LSBTTIQ) in ver.di Bundesarbeitsgemeinschaft Schwule im Gesundheitswesen (BASG E.V.)<\/li>\n\n\n\n<li>Bundesarbeitsgemeinschaft schwule Juristen (BASJ)<\/li>\n\n\n\n<li>Bund lesbischer und schwuler Journalist_innnen (BLSJ)<\/li>\n\n\n\n<li>IGay BAU (Industriegewerkschaft Bauen-Agrar-Umwelt)<\/li>\n\n\n\n<li>QUEERBW (Bundeswehr)<\/li>\n\n\n\n<li>VELSPOL \u2013 Queeres Netzwerk f\u00fcr Polizei, Justiz und Zoll Verband f\u00fcr lesbische, schwule, bisexuelle, trans<em>, intersexuelle und queere Menschen in der Psychologie (VLSP<\/em> e.V.)<\/li>\n<\/ul>","protected":false},"excerpt":{"rendered":"<p>Brosch\u00fcre Die Brosch\u00fcre zu queerem Leben und queeren Menschen in der Arbeitswelt unterst\u00fctzt und sensibilisiert sowohl die Arbeitgeberseite als auch F\u00fchrungskr\u00e4fte, Mitarbeitende und Kolleg*innen im allt\u00e4glichen Umgang mit Queersein am&hellip;&nbsp;<a href=\"https:\/\/qzm-rn.de\/en\/queer-at-work\/\" class=\"\" rel=\"bookmark\">Read More &raquo;<span class=\"screen-reader-text\">Queer at Work \u2013 LSBTIQ* in der Arbeitswelt<\/span><\/a><\/p>","protected":false},"author":2,"featured_media":5956,"parent":0,"menu_order":0,"comment_status":"closed","ping_status":"closed","template":"","meta":{"_tec_requires_first_save":true,"_eb_attr":"","neve_meta_sidebar":"full-width","neve_meta_container":"","neve_meta_enable_content_width":"on","neve_meta_content_width":100,"neve_meta_title_alignment":"","neve_meta_author_avatar":"","neve_post_elements_order":"","neve_meta_disable_header":"","neve_meta_disable_footer":"","neve_meta_disable_title":"","_EventAllDay":false,"_EventTimezone":"","_EventStartDate":"","_EventEndDate":"","_EventStartDateUTC":"","_EventEndDateUTC":"","_EventShowMap":false,"_EventShowMapLink":false,"_EventURL":"","_EventCost":"","_EventCostDescription":"","_EventCurrencySymbol":"","_EventCurrencyCode":"","_EventCurrencyPosition":"","_EventDateTimeSeparator":"","_EventTimeRangeSeparator":"","_EventOrganizerID":[],"_EventVenueID":[],"_OrganizerEmail":"","_OrganizerPhone":"","_OrganizerWebsite":"","_VenueAddress":"","_VenueCity":"","_VenueCountry":"","_VenueProvince":"","_VenueState":"","_VenueZip":"","_VenuePhone":"","_VenueURL":"","_VenueStateProvince":"","_VenueLat":"","_VenueLng":"","_VenueShowMap":false,"_VenueShowMapLink":false,"_tribe_blocks_recurrence_rules":"","_tribe_blocks_recurrence_description":"","_tribe_blocks_recurrence_exclusions":"","iawp_total_views":0,"footnotes":""},"class_list":["post-1617","page","type-page","status-publish","has-post-thumbnail","hentry"],"jetpack_sharing_enabled":true,"_links":{"self":[{"href":"https:\/\/qzm-rn.de\/en\/wp-json\/wp\/v2\/pages\/1617","targetHints":{"allow":["GET"]}}],"collection":[{"href":"https:\/\/qzm-rn.de\/en\/wp-json\/wp\/v2\/pages"}],"about":[{"href":"https:\/\/qzm-rn.de\/en\/wp-json\/wp\/v2\/types\/page"}],"author":[{"embeddable":true,"href":"https:\/\/qzm-rn.de\/en\/wp-json\/wp\/v2\/users\/2"}],"replies":[{"embeddable":true,"href":"https:\/\/qzm-rn.de\/en\/wp-json\/wp\/v2\/comments?post=1617"}],"version-history":[{"count":0,"href":"https:\/\/qzm-rn.de\/en\/wp-json\/wp\/v2\/pages\/1617\/revisions"}],"wp:featuredmedia":[{"embeddable":true,"href":"https:\/\/qzm-rn.de\/en\/wp-json\/wp\/v2\/media\/5956"}],"wp:attachment":[{"href":"https:\/\/qzm-rn.de\/en\/wp-json\/wp\/v2\/media?parent=1617"}],"curies":[{"name":"wp","href":"https:\/\/api.w.org\/{rel}","templated":true}]}}