{"id":5878,"date":"2023-11-02T14:56:57","date_gmt":"2023-11-02T13:56:57","guid":{"rendered":"https:\/\/qzm-rn.de\/?page_id=5878"},"modified":"2025-12-06T19:23:07","modified_gmt":"2025-12-06T18:23:07","slug":"testanmeldung","status":"publish","type":"page","link":"https:\/\/qzm-rn.de\/en\/testanmeldung\/","title":{"rendered":"testanmeldung"},"content":{"rendered":"\n<div class=\"wpcf7 no-js\" id=\"wpcf7-f643-o1\" lang=\"de-DE\" dir=\"ltr\" data-wpcf7-id=\"643\">\n<div class=\"screen-reader-response\"><p role=\"status\" aria-live=\"polite\" aria-atomic=\"true\"><\/p> <ul><\/ul><\/div>\n<form action=\"\/en\/wp-json\/wp\/v2\/pages\/5878#wpcf7-f643-o1\" method=\"post\" class=\"wpcf7-form init wpcf7-acceptance-as-validation\" aria-label=\"Kontaktformular\" novalidate=\"novalidate\" data-status=\"init\">\n<fieldset class=\"hidden-fields-container\"><input type=\"hidden\" name=\"_wpcf7\" value=\"643\" \/><input type=\"hidden\" name=\"_wpcf7_version\" value=\"6.1.5\" \/><input type=\"hidden\" name=\"_wpcf7_locale\" value=\"de_DE\" \/><input type=\"hidden\" name=\"_wpcf7_unit_tag\" value=\"wpcf7-f643-o1\" \/><input type=\"hidden\" name=\"_wpcf7_container_post\" value=\"0\" \/><input type=\"hidden\" name=\"_wpcf7_posted_data_hash\" value=\"\" \/><input type=\"hidden\" name=\"_wpcf7_recaptcha_response\" value=\"\" \/>\n<\/fieldset>\n<p>Ich beantrage hiermit die Aufnahme im Verein <strong>\u201eQueeres Zentrum Mannheim e.V.\u201c<\/strong> (QZM) als\n<\/p>\n<p><span class=\"wpcf7-form-control-wrap\" data-name=\"member\"><span class=\"wpcf7-form-control wpcf7-radio\"><span class=\"wpcf7-list-item first\"><label><input type=\"radio\" name=\"member\" value=\"ordentliches Mitglied\" checked=\"checked\" \/><span class=\"wpcf7-list-item-label\">ordentliches Mitglied<\/span><\/label><\/span><span class=\"wpcf7-list-item last\"><label><input type=\"radio\" name=\"member\" value=\"f\u00f6rderndes Mitglied\" \/><span class=\"wpcf7-list-item-label\">f\u00f6rderndes Mitglied<\/span><\/label><\/span><\/span><\/span><br \/>\nZur Erl\u00e4uterung: F\u00f6rdermitglieder sind bspw. Unternehmen oder Vereine. Sie zahlen einen F\u00f6rderbeitrag und haben kein Stimmrecht bei der Mitgliederversammlung. Ordentliche Mitglieder haben ein Stimmrecht bei der Mitgliederversammlung und zahlen den erm\u00e4\u00dfigten oder regul\u00e4ren Beitrag.\n<\/p>\n<p><label>Ich m\u00f6chte zu folgenden Datum beitreten *<br \/>\n<span class=\"wpcf7-form-control-wrap\" data-name=\"date-645\"><input class=\"wpcf7-form-control wpcf7-date wpcf7-validates-as-required wpcf7-validates-as-date\" aria-required=\"true\" aria-invalid=\"false\" value=\"\" type=\"date\" name=\"date-645\" \/><\/span> <\/label>\n<\/p>\n<h3>Daten zur Person \/ Ansprechpartner*in\n<\/h3>\n<p><label>Vereinsname (falls Beitritt als Verein)<br \/>\n<span class=\"wpcf7-form-control-wrap\" data-name=\"club\"><input size=\"40\" maxlength=\"400\" class=\"wpcf7-form-control wpcf7-text\" aria-invalid=\"false\" value=\"\" type=\"text\" name=\"club\" \/><\/span> <\/label>\n<\/p>\n<p><label>Vorname *<br \/>\n<span class=\"wpcf7-form-control-wrap\" data-name=\"firstname\"><input size=\"40\" maxlength=\"400\" class=\"wpcf7-form-control wpcf7-text wpcf7-validates-as-required\" aria-required=\"true\" aria-invalid=\"false\" value=\"\" type=\"text\" name=\"firstname\" \/><\/span><\/label><br \/>\n<label>Nachname *<br \/>\n<span class=\"wpcf7-form-control-wrap\" data-name=\"surname\"><input size=\"40\" maxlength=\"400\" class=\"wpcf7-form-control wpcf7-text wpcf7-validates-as-required\" aria-required=\"true\" aria-invalid=\"false\" value=\"\" type=\"text\" name=\"surname\" \/><\/span><\/label><br \/>\n<label>Pronomen<br \/>\n<span class=\"wpcf7-form-control-wrap\" data-name=\"pronouns\"><input size=\"40\" maxlength=\"400\" class=\"wpcf7-form-control wpcf7-text\" aria-invalid=\"false\" value=\"\" type=\"text\" name=\"pronouns\" \/><\/span><\/label><br \/>\n<label>Rufname (Wenn der Name in deinem Ausweis nicht der Name ist, mit dem du im Verein angesprochen werden m\u00f6chtest.)<br \/>\n<span class=\"wpcf7-form-control-wrap\" data-name=\"prefname\"><input size=\"40\" maxlength=\"400\" class=\"wpcf7-form-control wpcf7-text\" aria-invalid=\"false\" value=\"\" type=\"text\" name=\"prefname\" \/><\/span><\/label><br \/>\n<label>Geburtsdatum *<br \/>\n<span class=\"wpcf7-form-control-wrap\" data-name=\"birthdate\"><input size=\"40\" maxlength=\"400\" class=\"wpcf7-form-control wpcf7-text wpcf7-validates-as-required\" aria-required=\"true\" aria-invalid=\"false\" placeholder=\"XX.XX.XXXX\" value=\"\" type=\"text\" name=\"birthdate\" \/><\/span><\/label><br \/>\n<label>E-Mail-Adresse *<br \/>\n<span class=\"wpcf7-form-control-wrap\" data-name=\"emailaddr\"><input size=\"40\" maxlength=\"400\" class=\"wpcf7-form-control wpcf7-email wpcf7-validates-as-required wpcf7-text wpcf7-validates-as-email\" aria-required=\"true\" aria-invalid=\"false\" value=\"\" type=\"email\" name=\"emailaddr\" \/><\/span><\/label><br \/>\n<label>Mobil \/ Telefon<br \/>\n<span class=\"wpcf7-form-control-wrap\" data-name=\"phonenumber\"><input size=\"40\" maxlength=\"400\" class=\"wpcf7-form-control wpcf7-tel wpcf7-text wpcf7-validates-as-tel\" aria-invalid=\"false\" value=\"\" type=\"tel\" name=\"phonenumber\" \/><\/span><\/label>\n<\/p>\n<h3>Privatanschrift \/ Vereinsanschrift\n<\/h3>\n<p><label>Stra\u00dfe und Hausnummer *<br \/>\n<span class=\"wpcf7-form-control-wrap\" data-name=\"street\"><input size=\"40\" maxlength=\"400\" class=\"wpcf7-form-control wpcf7-text wpcf7-validates-as-required\" aria-required=\"true\" aria-invalid=\"false\" value=\"\" type=\"text\" name=\"street\" \/><\/span><\/label><br \/>\n<label>PLZ *<br \/>\n<span class=\"wpcf7-form-control-wrap\" data-name=\"postalcode\"><input size=\"40\" maxlength=\"400\" class=\"wpcf7-form-control wpcf7-text wpcf7-validates-as-required\" aria-required=\"true\" aria-invalid=\"false\" value=\"\" type=\"text\" name=\"postalcode\" \/><\/span><\/label><br \/>\n<label>Ort *<br \/>\n<span class=\"wpcf7-form-control-wrap\" data-name=\"city\"><input size=\"40\" maxlength=\"400\" class=\"wpcf7-form-control wpcf7-text wpcf7-validates-as-required\" aria-required=\"true\" aria-invalid=\"false\" value=\"\" type=\"text\" name=\"city\" \/><\/span><\/label>\n<\/p>\n<h3>Beitr\u00e4ge laut Beitragsordnung\n<\/h3>\n<p>Mitgliedern, die \u00fcber ein h\u00f6heres Einkommen verf\u00fcgen, empfehlen wir einen h\u00f6heren Beitrag als denjenigen, die weniger haben \u2013 es bedarf hier keiner Nachweise.<br \/>\nMenschen mit besonderen Belastungen (wie Care-Arbeit, chronische Krankheit und Behinderung, Pflege von Angeh\u00f6rigen, Schulden usw.) werden ermuntert, ihren Mitgliedsbeitrag entsprechend ihrer M\u00f6glichkeit zu w\u00e4hlen. F\u00fcr Mitglieder ohne Erwerbseinkommen, ohne Pension, ohne Renteneink\u00fcnfte oder ohne vergleichbare Einkommen betr\u00e4gt der monatliche Mitgliedsbeitrag 2,50 Euro (30 Euro\/Jahr).\n<\/p>\n<p>Der monatliche Mitgliedsbeitrag f\u00fcr Mitglieder mit steuerpflichtigem Einkommen betr\u00e4gt mindestens 5,00 Euro \u2013 hier ist eine eigenst\u00e4ndige Einordnung empfohlen mit den folgenden Richtwerten:\n<\/p>\n<p><span class=\"wpcf7-form-control-wrap\" data-name=\"Beitrag\"><span class=\"wpcf7-form-control wpcf7-radio\"><span class=\"wpcf7-list-item first\"><label><input type=\"radio\" name=\"Beitrag\" value=\"Monatsbeitrag 2,50 \u20ac (30 Euro\/Jahr) - bei besonderen Belastungen\" checked=\"checked\" \/><span class=\"wpcf7-list-item-label\">Monatsbeitrag 2,50 \u20ac (30 Euro\/Jahr) - bei besonderen Belastungen<\/span><\/label><\/span><span class=\"wpcf7-list-item\"><label><input type=\"radio\" name=\"Beitrag\" value=\"Monatsbeitrag 5,00 \u20ac (60 Euro\/Jahr) - bis 1.000 \u20ac Monatsnettoeinkommen\" \/><span class=\"wpcf7-list-item-label\">Monatsbeitrag 5,00 \u20ac (60 Euro\/Jahr) - bis 1.000 \u20ac Monatsnettoeinkommen<\/span><\/label><\/span><span class=\"wpcf7-list-item\"><label><input type=\"radio\" name=\"Beitrag\" value=\"Monatsbeitrag 7,50 \u20ac (90 Euro\/Jahr) - bis 2.000 \u20ac Monatsnettoeinkommen\" \/><span class=\"wpcf7-list-item-label\">Monatsbeitrag 7,50 \u20ac (90 Euro\/Jahr) - bis 2.000 \u20ac Monatsnettoeinkommen<\/span><\/label><\/span><span class=\"wpcf7-list-item\"><label><input type=\"radio\" name=\"Beitrag\" value=\"Monatsbeitrag 10,00 \u20ac (120 Euro\/Jahr) - bis 3.000 \u20ac Monatsnettoeinkommen\" \/><span class=\"wpcf7-list-item-label\">Monatsbeitrag 10,00 \u20ac (120 Euro\/Jahr) - bis 3.000 \u20ac Monatsnettoeinkommen<\/span><\/label><\/span><span class=\"wpcf7-list-item\"><label><input type=\"radio\" name=\"Beitrag\" value=\"Monatsbeitrag 15,00 \u20ac (180 Euro\/Jahr) - bis 4.000 \u20ac Monatsnettoeinkommen\" \/><span class=\"wpcf7-list-item-label\">Monatsbeitrag 15,00 \u20ac (180 Euro\/Jahr) - bis 4.000 \u20ac Monatsnettoeinkommen<\/span><\/label><\/span><span class=\"wpcf7-list-item\"><label><input type=\"radio\" name=\"Beitrag\" value=\"Monatsbeitrag 17,50 \u20ac (210 Euro\/Jahr) - bis 5.000 \u20ac Monatsnettoeinkommen und dar\u00fcber\" \/><span class=\"wpcf7-list-item-label\">Monatsbeitrag 17,50 \u20ac (210 Euro\/Jahr) - bis 5.000 \u20ac Monatsnettoeinkommen und dar\u00fcber<\/span><\/label><\/span><span class=\"wpcf7-list-item last\"><label><input type=\"radio\" name=\"Beitrag\" value=\"Gerne kannst Du uns auch einen eigenen Betrag nennen, mit dem du uns unterst\u00fctzen m\u00f6chtest:\" \/><span class=\"wpcf7-list-item-label\">Gerne kannst Du uns auch einen eigenen Betrag nennen, mit dem du uns unterst\u00fctzen m\u00f6chtest:<\/span><\/label><\/span><\/span><\/span><br \/>\nIch m\u00f6chte das QZM mit <span class=\"wpcf7-form-control-wrap\" data-name=\"personal-membership\"><input class=\"wpcf7-form-control wpcf7-number wpcf7-validates-as-number\" min=\"1\" max=\"500\" aria-invalid=\"false\" value=\"\" type=\"number\" name=\"personal-membership\" \/><\/span> \u20ac unterst\u00fctzen.<br \/>\n[group group-beitrage]<br \/>\n<span class=\"wpcf7-form-control-wrap\" data-name=\"text-beitrage\"><input size=\"40\" maxlength=\"400\" class=\"wpcf7-form-control wpcf7-text wpcf7-validates-as-required\" aria-required=\"true\" aria-invalid=\"false\" placeholder=\"0\" value=\"\" type=\"text\" name=\"text-beitrage\" \/><\/span><br \/>\n[\/group]\n<\/p>\n<h3>Ich m\u00f6chte in diesem Turnus bezahlen\n<\/h3>\n<p><span class=\"wpcf7-form-control-wrap\" data-name=\"payment-cycle\"><span class=\"wpcf7-form-control wpcf7-radio\"><span class=\"wpcf7-list-item first\"><label><input type=\"radio\" name=\"payment-cycle\" value=\"monatsweise\" checked=\"checked\" \/><span class=\"wpcf7-list-item-label\">monatsweise<\/span><\/label><\/span><span class=\"wpcf7-list-item\"><label><input type=\"radio\" name=\"payment-cycle\" value=\"viertelj\u00e4hrlich\" \/><span class=\"wpcf7-list-item-label\">viertelj\u00e4hrlich<\/span><\/label><\/span><span class=\"wpcf7-list-item\"><label><input type=\"radio\" name=\"payment-cycle\" value=\"halbj\u00e4hrlich\" \/><span class=\"wpcf7-list-item-label\">halbj\u00e4hrlich<\/span><\/label><\/span><span class=\"wpcf7-list-item last\"><label><input type=\"radio\" name=\"payment-cycle\" value=\"j\u00e4hrlich\" \/><span class=\"wpcf7-list-item-label\">j\u00e4hrlich<\/span><\/label><\/span><\/span><\/span>\n<\/p>\n<h3>Vereinsmitgliedschaft\n<\/h3>\n<p><span class=\"wpcf7-form-control-wrap\" data-name=\"quali\"><span class=\"wpcf7-form-control wpcf7-radio\"><span class=\"wpcf7-list-item first last\"><label><input type=\"radio\" name=\"quali\" value=\"Der monatliche Mitgliedsbeitrag f\u00fcr Vereine betr\u00e4gt 14,95 \u20ac (179,5 Euro\/Jahr)\" checked=\"checked\" \/><span class=\"wpcf7-list-item-label\">Der monatliche Mitgliedsbeitrag f\u00fcr Vereine betr\u00e4gt 14,95 \u20ac (179,5 Euro\/Jahr)<\/span><\/label><\/span><\/span><\/span>\n<\/p>\n<h3>F\u00f6rdermitgliedschaft\n<\/h3>\n<p><span class=\"wpcf7-form-control-wrap\" data-name=\"quali\"><span class=\"wpcf7-form-control wpcf7-radio\"><span class=\"wpcf7-list-item first\"><label><input type=\"radio\" name=\"quali\" value=\"Der Beitrag f\u00fcr F\u00f6rdermitglieder (gewerbliche juristische Personen) betr\u00e4gt mindestens 17,50 \u20ac (210 Euro\/Jahr)\" \/><span class=\"wpcf7-list-item-label\">Der Beitrag f\u00fcr F\u00f6rdermitglieder (gewerbliche juristische Personen) betr\u00e4gt mindestens 17,50 \u20ac (210 Euro\/Jahr)<\/span><\/label><\/span><span class=\"wpcf7-list-item last\"><label><input type=\"radio\" name=\"quali\" value=\"Bei Privatpersonen als F\u00f6rdermitglieder freuen wir uns \u00fcber jeden Beitrag, mit dem sie uns regelm\u00e4\u00dfig unterst\u00fctzen m\u00f6chten.\" checked=\"checked\" \/><span class=\"wpcf7-list-item-label\">Bei Privatpersonen als F\u00f6rdermitglieder freuen wir uns \u00fcber jeden Beitrag, mit dem sie uns regelm\u00e4\u00dfig unterst\u00fctzen m\u00f6chten.<\/span><\/label><\/span><\/span><\/span><br \/>\n<span class=\"wpcf7-form-control-wrap\" data-name=\"text-313\"><input size=\"40\" maxlength=\"400\" class=\"wpcf7-form-control wpcf7-text\" aria-invalid=\"false\" value=\"Deine Unterst\u00fctzung\" type=\"text\" name=\"text-313\" \/><\/span>\n<\/p>\n<p>Eine Anpassung der Beitr\u00e4ge kann auch im laufenden Jahr vorgenommen werden. Hierzu ist eine schriftliche Mitteilung an den mitgliedschaft@qzm-rn.de ausreichend.\n<\/p>\n<p>Die Mitgliedschaft ist an die Erteilung eines SEPA-Lastschriftmandats gebunden.\n<\/p>\n<h3>Einwilligung\n<\/h3>\n<p>Wir weisen gem\u00e4\u00df \u00a7 33 Bundesdatenschutzgesetz darauf hin, dass zum Zweck der Mitgliederverwaltung und -betreuung die oben angegebenen Daten der Mitglieder in automatisierten Dateien gespeichert, verarbeitet und genutzt werden. Um den Antrag auf Mitgliedschaft pr\u00fcfen zu k\u00f6nnen, ben\u00f6tigen wir Ihre Einwilligung in diese Datenverarbeitung. Die Erkl\u00e4rung der Einwilligung erfolgt freiwillig. Wir weisen aber darauf hin, dass ein Antrag auf Mitgliedschaft ohne die erforderliche Einwilligung nicht m\u00f6glich ist.\n<\/p>\n<p><u>Widerrufsrecht<\/u>: Die Einwilligung kann jederzeit ohne Angabe von Gr\u00fcnden widerrufen werden. Um den Widerruf auszu\u00fcben, nutzen Sie bitte eine der in unserer Datenschutzerkl\u00e4rung aufgef\u00fchrten Kontaktm\u00f6glichkeiten. Sie k\u00f6nnen die Datenschutzerkl\u00e4rung <a href=\"https:\/\/qzm-rn.de\/datenschutz\/\" target=\"_blank\">hier<\/a> einsehen. Durch den Widerruf der Einwilligung wird die Rechtm\u00e4\u00dfigkeit der aufgrund der Einwilligung bis zum Widerruf erfolgten Verarbeitung nicht ber\u00fchrt.\n<\/p>\n<p><span class=\"wpcf7-form-control-wrap\" data-name=\"accept\"><span class=\"wpcf7-form-control wpcf7-acceptance\"><span class=\"wpcf7-list-item\"><input type=\"checkbox\" name=\"accept\" value=\"1\" aria-invalid=\"false\" \/><\/span><\/span><\/span> Ich erkl\u00e4re hiermit meine Einwilligung dazu, dass das QZM zum Zwecke der Mitgliederverwaltung die \u00fcber mich in dem vorstehenden Formular erhobenen personenbezogenen Daten verarbeitet und gegebenenfalls innerhalb des QZM weitergibt. Die Einwilligung erfolgt freiwillig, ich kann sie jederzeit und ohne Angabe von Gr\u00fcnden widerrufen. Ferner best\u00e4tige ich, die weiteren Datenschutzhinweise des QZM zur Kenntnis genommen zu haben.<br \/>\n<span id=\"wpcf7-69f87d4cb870b-wrapper\" class=\"wpcf7-form-control-wrap honeypot-560-wrap\" style=\"display:none !important; visibility:hidden !important;\"><label for=\"wpcf7-69f87d4cb870b-field\" class=\"hp-message\">Bitte lasse dieses Feld leer.<\/label><input id=\"wpcf7-69f87d4cb870b-field\"  class=\"wpcf7-form-control wpcf7-text\" type=\"text\" name=\"honeypot-560\" value=\"\" size=\"40\" tabindex=\"-1\" autocomplete=\"new-password\" \/><\/span>\n<\/p>\n<p><input class=\"wpcf7-form-control wpcf7-submit has-spinner\" type=\"submit\" value=\"Senden\" \/>\n<\/p><p style=\"display: none !important;\" class=\"akismet-fields-container\" data-prefix=\"_wpcf7_ak_\"><label>&#916;<textarea name=\"_wpcf7_ak_hp_textarea\" cols=\"45\" rows=\"8\" maxlength=\"100\"><\/textarea><\/label><input type=\"hidden\" id=\"ak_js_1\" name=\"_wpcf7_ak_js\" value=\"164\"\/><script>document.getElementById( \"ak_js_1\" ).setAttribute( \"value\", ( new Date() ).getTime() );<\/script><\/p><div class=\"wpcf7-response-output\" aria-hidden=\"true\"><\/div>\n<\/form>\n<\/div>\n\n","protected":false},"excerpt":{"rendered":"","protected":false},"author":10,"featured_media":0,"parent":0,"menu_order":0,"comment_status":"closed","ping_status":"closed","template":"","meta":{"_tec_requires_first_save":true,"_eb_attr":"","neve_meta_sidebar":"","neve_meta_container":"","neve_meta_enable_content_width":"","neve_meta_content_width":0,"neve_meta_title_alignment":"","neve_meta_author_avatar":"","neve_post_elements_order":"","neve_meta_disable_header":"","neve_meta_disable_footer":"","neve_meta_disable_title":"","_EventAllDay":false,"_EventTimezone":"","_EventStartDate":"","_EventEndDate":"","_EventStartDateUTC":"","_EventEndDateUTC":"","_EventShowMap":false,"_EventShowMapLink":false,"_EventURL":"","_EventCost":"","_EventCostDescription":"","_EventCurrencySymbol":"","_EventCurrencyCode":"","_EventCurrencyPosition":"","_EventDateTimeSeparator":"","_EventTimeRangeSeparator":"","_EventOrganizerID":[],"_EventVenueID":[],"_OrganizerEmail":"","_OrganizerPhone":"","_OrganizerWebsite":"","_VenueAddress":"","_VenueCity":"","_VenueCountry":"","_VenueProvince":"","_VenueState":"","_VenueZip":"","_VenuePhone":"","_VenueURL":"","_VenueStateProvince":"","_VenueLat":"","_VenueLng":"","_VenueShowMap":false,"_VenueShowMapLink":false,"_tribe_blocks_recurrence_rules":"","_tribe_blocks_recurrence_description":"","_tribe_blocks_recurrence_exclusions":"","iawp_total_views":0,"footnotes":""},"class_list":["post-5878","page","type-page","status-publish","hentry"],"jetpack_sharing_enabled":true,"_links":{"self":[{"href":"https:\/\/qzm-rn.de\/en\/wp-json\/wp\/v2\/pages\/5878","targetHints":{"allow":["GET"]}}],"collection":[{"href":"https:\/\/qzm-rn.de\/en\/wp-json\/wp\/v2\/pages"}],"about":[{"href":"https:\/\/qzm-rn.de\/en\/wp-json\/wp\/v2\/types\/page"}],"author":[{"embeddable":true,"href":"https:\/\/qzm-rn.de\/en\/wp-json\/wp\/v2\/users\/10"}],"replies":[{"embeddable":true,"href":"https:\/\/qzm-rn.de\/en\/wp-json\/wp\/v2\/comments?post=5878"}],"version-history":[{"count":0,"href":"https:\/\/qzm-rn.de\/en\/wp-json\/wp\/v2\/pages\/5878\/revisions"}],"wp:attachment":[{"href":"https:\/\/qzm-rn.de\/en\/wp-json\/wp\/v2\/media?parent=5878"}],"curies":[{"name":"wp","href":"https:\/\/api.w.org\/{rel}","templated":true}]}}