{"id":84,"date":"2020-05-28T16:28:57","date_gmt":"2020-05-28T14:28:57","guid":{"rendered":"http:\/\/qzm-rn.de\/?page_id=84"},"modified":"2026-04-27T14:16:42","modified_gmt":"2026-04-27T12:16:42","slug":"impressum","status":"publish","type":"page","link":"https:\/\/qzm-rn.de\/en\/impressum\/","title":{"rendered":"Imprint"},"content":{"rendered":"<h2 id=\"m46\">Diensteanbieter<\/h2>\n<p>Queeres Zentrum Mannheim e.V.<br>G7 14<br>68159 Mannheim<br>Deutschland<\/p>\n<h2 id=\"m56\">Kontaktm\u00f6glichkeiten<\/h2>E-Mail-Adresse: <p>info@qzm-rn.de<\/p>\nTelefon: <p>+49 621 15677628<\/p>\n<h2 id=\"m153\">Vertretungsberechtigte Personen<\/h2>Vertretungsberechtigt: <p>Susanne Hun  (Vorsitz)<br> Anne Parlow (Stellvertreterin)<br>Alex Banciu (Finanzen)<\/p>\n<h2 id=\"m3589\">Audiovisuelle Mediendienste<\/h2><p>Sitzland: Deutschland<\/p>\n<p>Zust\u00e4ndige Regulierungs-, bzw. Aufsichtsbeh\u00f6rde: Landesanstalt f\u00fcr Kommunikation Baden-W\u00fcrttemberg (LFK), <a href=\"https:\/\/www.lfk.de\/\" target=\"_blank\" rel=\"noopener\">https:\/\/www.lfk.de\/<\/a><\/p>\n<h2 id=\"m151\">Register und Registernummer<\/h2><p>Vereinsregister<\/p>\nGef\u00fchrt bei: <p>Amtsgericht Mannheim <\/p>\nNummer: <p>VR 702979<\/p>\n<h2 id=\"m172\">Social Media und andere Onlinepr\u00e4senzen<\/h2>\n<p><a href=\"https:\/\/queerlactica.de\" target=\"_blank\" rel=\"noopener\">https:\/\/queerlactica.de<\/a><\/p>\n<p><a href=\"http:\/\/monnempride.de\" target=\"_blank\" rel=\"noopener\">http:\/\/monnempride.de<\/a><\/p>\n<p>Dieses Impressum gilt auch f\u00fcr die folgenden Social-Media-Pr\u00e4senzen und Onlineprofile:<\/p> <p><a href=\"https:\/\/www.facebook.com\/QueeresZentrumMannheim\/\" target=\"_blank\" rel=\"noopener\">https:\/\/www.facebook.com\/QueeresZentrumMannheim\/<\/a><\/p>\n<p><a href=\"https:\/\/www.instagram.com\/qzm_mannheim\/\" target=\"_blank\" rel=\"noopener\">https:\/\/www.instagram.com\/qzm_mannheim\/<\/a><\/p>\n<p><a href=\"https:\/\/linktr.ee\/QueeresZentrumMannheim\" target=\"_blank\" rel=\"noopener\">https:\/\/linktr.ee\/QueeresZentrumMannheim<\/a><\/p>\n<p><a href=\"https:\/\/chaos.social\/@queereszentrummannheim\" target=\"_blank\" rel=\"noopener\">https:\/\/chaos.social\/@queereszentrummannheim<\/a><\/p>\n<p><a href=\"https:\/\/www.youtube.com\/channel\/UC2Zs039To6FdtSLYa1U0rnw\" target=\"_blank\" rel=\"noopener\">https:\/\/www.youtube.com\/channel\/UC2Zs039To6FdtSLYa1U0rnw<\/a><\/p>\n<p><a href=\"https:\/\/www.linkedin.com\/company\/queeres-zentrum-mannheim-e-v\/\" target=\"_blank\" rel=\"noopener\">https:\/\/www.linkedin.com\/company\/queeres-zentrum-mannheim-e-v\/<\/a><\/p>\n<h2 id=\"m65\">Haftungs- und Schutzrechtshinweise<\/h2><p>Hinweise auf Rechtsverst\u00f6\u00dfe: Sollten Sie innerhalb unseres Internetauftritts Rechtsverst\u00f6\u00dfe bemerken, bitten wir Sie uns auf diese hinzuweisen. Wir werden rechtswidrige Inhalte und Links nach Kenntnisnahme unverz\u00fcglich entfernen.<\/p>\n<p class=\"seal\"><a href=\"https:\/\/datenschutz-generator.de\/\" title=\"Rechtstext von Dr. Schwenke - f\u00fcr weitere Informationen bitte anklicken.\" target=\"_blank\" rel=\"noopener noreferrer nofollow\">Erstellt mit kostenlosem Datenschutz-Generator.de von Dr. Thomas Schwenke<\/a><\/p>\n\n\n\n<p><\/p>\n\n\n\n<p><\/p>","protected":false},"excerpt":{"rendered":"<p>Diensteanbieter Queeres Zentrum Mannheim e.V.G7 1468159 MannheimDeutschland Kontaktm\u00f6glichkeiten E-Mail-Adresse: info@qzm-rn.de Telefon: +49 621 15677628 Vertretungsberechtigte Personen Vertretungsberechtigt: Susanne Hun (Vorsitz) Anne Parlow (Stellvertreterin)Alex Banciu (Finanzen) Audiovisuelle Mediendienste Sitzland: Deutschland Zust\u00e4ndige&hellip;&nbsp;<a href=\"https:\/\/qzm-rn.de\/en\/impressum\/\" class=\"\" rel=\"bookmark\">Read More &raquo;<span class=\"screen-reader-text\">Imprint<\/span><\/a><\/p>","protected":false},"author":2,"featured_media":0,"parent":0,"menu_order":0,"comment_status":"closed","ping_status":"closed","template":"","meta":{"_tec_requires_first_save":true,"_eb_attr":"","neve_meta_sidebar":"full-width","neve_meta_container":"","neve_meta_enable_content_width":"on","neve_meta_content_width":100,"neve_meta_title_alignment":"","neve_meta_author_avatar":"","neve_post_elements_order":"","neve_meta_disable_header":"","neve_meta_disable_footer":"","neve_meta_disable_title":"","_EventAllDay":false,"_EventTimezone":"","_EventStartDate":"","_EventEndDate":"","_EventStartDateUTC":"","_EventEndDateUTC":"","_EventShowMap":false,"_EventShowMapLink":false,"_EventURL":"","_EventCost":"","_EventCostDescription":"","_EventCurrencySymbol":"","_EventCurrencyCode":"","_EventCurrencyPosition":"","_EventDateTimeSeparator":"","_EventTimeRangeSeparator":"","_EventOrganizerID":[],"_EventVenueID":[],"_OrganizerEmail":"","_OrganizerPhone":"","_OrganizerWebsite":"","_VenueAddress":"","_VenueCity":"","_VenueCountry":"","_VenueProvince":"","_VenueState":"","_VenueZip":"","_VenuePhone":"","_VenueURL":"","_VenueStateProvince":"","_VenueLat":"","_VenueLng":"","_VenueShowMap":false,"_VenueShowMapLink":false,"_tribe_blocks_recurrence_rules":"","_tribe_blocks_recurrence_description":"","_tribe_blocks_recurrence_exclusions":"","iawp_total_views":19,"footnotes":""},"class_list":["post-84","page","type-page","status-publish","hentry"],"jetpack_sharing_enabled":true,"_links":{"self":[{"href":"https:\/\/qzm-rn.de\/en\/wp-json\/wp\/v2\/pages\/84","targetHints":{"allow":["GET"]}}],"collection":[{"href":"https:\/\/qzm-rn.de\/en\/wp-json\/wp\/v2\/pages"}],"about":[{"href":"https:\/\/qzm-rn.de\/en\/wp-json\/wp\/v2\/types\/page"}],"author":[{"embeddable":true,"href":"https:\/\/qzm-rn.de\/en\/wp-json\/wp\/v2\/users\/2"}],"replies":[{"embeddable":true,"href":"https:\/\/qzm-rn.de\/en\/wp-json\/wp\/v2\/comments?post=84"}],"version-history":[{"count":2,"href":"https:\/\/qzm-rn.de\/en\/wp-json\/wp\/v2\/pages\/84\/revisions"}],"predecessor-version":[{"id":11667,"href":"https:\/\/qzm-rn.de\/en\/wp-json\/wp\/v2\/pages\/84\/revisions\/11667"}],"wp:attachment":[{"href":"https:\/\/qzm-rn.de\/en\/wp-json\/wp\/v2\/media?parent=84"}],"curies":[{"name":"wp","href":"https:\/\/api.w.org\/{rel}","templated":true}]}}